{"id":71,"date":"2017-07-12T05:53:59","date_gmt":"2017-07-12T05:53:59","guid":{"rendered":"http:\/\/steelrolling.com.br\/?page_id=71"},"modified":"2021-08-31T15:20:37","modified_gmt":"2021-08-31T15:20:37","slug":"sobre","status":"publish","type":"page","link":"https:\/\/steelrolling.com.br\/?page_id=71","title":{"rendered":"Sobre"},"content":{"rendered":"<style>.elementor-71 .elementor-element.elementor-element-7116a5b2:not(.elementor-motion-effects-element-type-background), .elementor-71 .elementor-element.elementor-element-7116a5b2 > .elementor-motion-effects-container > .elementor-motion-effects-layer{background-image:url(\"https:\/\/steelrolling.com.br\/wp-content\/uploads\/2021\/03\/modern-design.jpg\");background-position:center center;background-repeat:no-repeat;background-size:cover;}.elementor-71 .elementor-element.elementor-element-7116a5b2 > .elementor-background-overlay{background-color:#181F2A;opacity:0.8;transition:background 0.3s, border-radius 0.3s, opacity 0.3s;}.elementor-71 .elementor-element.elementor-element-7116a5b2{transition:background 0.3s, border 0.3s, border-radius 0.3s, box-shadow 0.3s;padding:240px 0px 160px 0px;}.elementor-71 .elementor-element.elementor-element-6439be06 > .elementor-widget-wrap > .elementor-widget:not(.elementor-widget__width-auto):not(.elementor-widget__width-initial):not(:last-child):not(.elementor-absolute){margin-bottom:10px;}.elementor-71 .elementor-element.elementor-element-6439be06 > .elementor-element-populated{transition:background 0.3s, border 0.3s, border-radius 0.3s, box-shadow 0.3s;}.elementor-71 .elementor-element.elementor-element-6439be06 > .elementor-element-populated > .elementor-background-overlay{transition:background 0.3s, border-radius 0.3s, opacity 0.3s;}.elementor-71 .elementor-element.elementor-element-198df6ee .elementor-heading-title{color:#ffffff;}.elementor-71 .elementor-element.elementor-element-871babd{margin-top:0px;margin-bottom:128px;padding:104px 0px 0px 0px;z-index:1;}.elementor-71 .elementor-element.elementor-element-77e3bb83 > .elementor-element-populated{border-style:solid;border-width:4px 4px 4px 4px;border-color:#CBD2DE;margin:40px 40px 0px 40px;--e-column-margin-right:40px;--e-column-margin-left:40px;}.elementor-71 .elementor-element.elementor-element-2d9347f6 > .elementor-widget-container{margin:-44px 0px 0px -44px;padding:0px 44px 44px 0px;}.elementor-71 .elementor-element.elementor-element-2d9347f6 img{box-shadow:64px 64px 160px -40px rgba(0, 0, 0, 0.24);}.elementor-71 .elementor-element.elementor-element-7e966216 > .elementor-element-populated{margin:0px 0px 0px 40px;--e-column-margin-right:0px;--e-column-margin-left:40px;padding:56px 0px 0px 0px;}.elementor-71 .elementor-element.elementor-element-46d8a17c{--divider-border-style:solid;--divider-color:#FF5E14;--divider-border-width:4px;}.elementor-71 .elementor-element.elementor-element-46d8a17c .elementor-divider-separator{width:64px;}.elementor-71 .elementor-element.elementor-element-46d8a17c .elementor-divider{padding-block-start:0px;padding-block-end:0px;}.elementor-71 .elementor-element.elementor-element-4bef784e > .elementor-widget-container{margin:0px 0px -8px 0px;}.elementor-71 .elementor-element.elementor-element-4032ca80 .elementor-icon-list-items:not(.elementor-inline-items) .elementor-icon-list-item:not(:last-child){padding-block-end:calc(8px\/2);}.elementor-71 .elementor-element.elementor-element-4032ca80 .elementor-icon-list-items:not(.elementor-inline-items) .elementor-icon-list-item:not(:first-child){margin-block-start:calc(8px\/2);}.elementor-71 .elementor-element.elementor-element-4032ca80 .elementor-icon-list-items.elementor-inline-items .elementor-icon-list-item{margin-inline:calc(8px\/2);}.elementor-71 .elementor-element.elementor-element-4032ca80 .elementor-icon-list-items.elementor-inline-items{margin-inline:calc(-8px\/2);}.elementor-71 .elementor-element.elementor-element-4032ca80 .elementor-icon-list-items.elementor-inline-items .elementor-icon-list-item:after{inset-inline-end:calc(-8px\/2);}.elementor-71 .elementor-element.elementor-element-4032ca80 .elementor-icon-list-icon i{color:#f9520b;transition:color 0.3s;}.elementor-71 .elementor-element.elementor-element-4032ca80 .elementor-icon-list-icon svg{fill:#f9520b;transition:fill 0.3s;}.elementor-71 .elementor-element.elementor-element-4032ca80{--e-icon-list-icon-size:16px;--icon-vertical-offset:0px;}.elementor-71 .elementor-element.elementor-element-4032ca80 .elementor-icon-list-icon{padding-inline-end:8px;}.elementor-71 .elementor-element.elementor-element-4032ca80 .elementor-icon-list-item > .elementor-icon-list-text, .elementor-71 .elementor-element.elementor-element-4032ca80 .elementor-icon-list-item > a{font-weight:600;}.elementor-71 .elementor-element.elementor-element-4032ca80 .elementor-icon-list-text{transition:color 0.3s;}.elementor-71 .elementor-element.elementor-element-24db0468 .elementor-icon-list-items:not(.elementor-inline-items) .elementor-icon-list-item:not(:last-child){padding-block-end:calc(8px\/2);}.elementor-71 .elementor-element.elementor-element-24db0468 .elementor-icon-list-items:not(.elementor-inline-items) .elementor-icon-list-item:not(:first-child){margin-block-start:calc(8px\/2);}.elementor-71 .elementor-element.elementor-element-24db0468 .elementor-icon-list-items.elementor-inline-items .elementor-icon-list-item{margin-inline:calc(8px\/2);}.elementor-71 .elementor-element.elementor-element-24db0468 .elementor-icon-list-items.elementor-inline-items{margin-inline:calc(-8px\/2);}.elementor-71 .elementor-element.elementor-element-24db0468 .elementor-icon-list-items.elementor-inline-items .elementor-icon-list-item:after{inset-inline-end:calc(-8px\/2);}.elementor-71 .elementor-element.elementor-element-24db0468 .elementor-icon-list-icon i{color:#f9520b;transition:color 0.3s;}.elementor-71 .elementor-element.elementor-element-24db0468 .elementor-icon-list-icon svg{fill:#f9520b;transition:fill 0.3s;}.elementor-71 .elementor-element.elementor-element-24db0468{--e-icon-list-icon-size:16px;--icon-vertical-offset:0px;}.elementor-71 .elementor-element.elementor-element-24db0468 .elementor-icon-list-icon{padding-inline-end:8px;}.elementor-71 .elementor-element.elementor-element-24db0468 .elementor-icon-list-item > .elementor-icon-list-text, .elementor-71 .elementor-element.elementor-element-24db0468 .elementor-icon-list-item > a{font-weight:600;}.elementor-71 .elementor-element.elementor-element-24db0468 .elementor-icon-list-text{transition:color 0.3s;}.elementor-71 .elementor-element.elementor-element-58f0bb5c:not(.elementor-motion-effects-element-type-background), .elementor-71 .elementor-element.elementor-element-58f0bb5c > .elementor-motion-effects-container > .elementor-motion-effects-layer{background-image:url(\"https:\/\/steelrolling.com.br\/wp-content\/uploads\/2021\/07\/industry-construction-industrial-civil-works.jpg\");background-position:top center;background-repeat:no-repeat;background-size:cover;}.elementor-71 .elementor-element.elementor-element-58f0bb5c > .elementor-background-overlay{background-color:#181F2A;opacity:0.5;transition:background 0.3s, border-radius 0.3s, opacity 0.3s;}.elementor-71 .elementor-element.elementor-element-58f0bb5c > .elementor-container{max-width:800px;}.elementor-71 .elementor-element.elementor-element-58f0bb5c{transition:background 0.3s, border 0.3s, border-radius 0.3s, box-shadow 0.3s;padding:104px 0px 0px 0px;z-index:1;}.elementor-71 .elementor-element.elementor-element-683430c3{--divider-border-style:solid;--divider-color:#FF5E14;--divider-border-width:4px;}.elementor-71 .elementor-element.elementor-element-683430c3 .elementor-divider-separator{width:64px;margin:0 auto;margin-center:0;}.elementor-71 .elementor-element.elementor-element-683430c3 .elementor-divider{text-align:center;padding-block-start:0px;padding-block-end:0px;}.elementor-71 .elementor-element.elementor-element-2c9a982a{text-align:center;}.elementor-71 .elementor-element.elementor-element-2c9a982a .elementor-heading-title{color:#FFFFFF;}.elementor-71 .elementor-element.elementor-element-2ec96de7 > .elementor-widget-container{margin:0px 72px 0px 72px;}.elementor-71 .elementor-element.elementor-element-2ec96de7{text-align:center;color:#CBD2DE;}.elementor-71 .elementor-element.elementor-element-4d64a70b > .elementor-widget-container{margin:40px 0px -24px 0px;}.elementor-71 .elementor-element.elementor-element-4d64a70b .elementor-button-content-wrapper{flex-direction:row-reverse;}.elementor-71 .elementor-element.elementor-element-4d64a70b .elementor-button .elementor-button-content-wrapper{gap:16px;}.elementor-71 .elementor-element.elementor-element-4d64a70b .elementor-button{box-shadow:0px 16px 32px -16px rgba(255, 94, 20, 0.64);}body.elementor-page-71:not(.elementor-motion-effects-element-type-background), body.elementor-page-71 > .elementor-motion-effects-container > .elementor-motion-effects-layer{background-color:#ffffff;}@media(max-width:1024px){.elementor-71 .elementor-element.elementor-element-7116a5b2{padding:160px 40px 120px 40px;}.elementor-71 .elementor-element.elementor-element-871babd{margin-top:0px;margin-bottom:0px;padding:80px 40px 80px 40px;}.elementor-71 .elementor-element.elementor-element-77e3bb83 > .elementor-element-populated{margin:40px 0px 0px 40px;--e-column-margin-right:0px;--e-column-margin-left:40px;}.elementor-71 .elementor-element.elementor-element-7e966216 > .elementor-element-populated{margin:0px 0px 0px 0px;--e-column-margin-right:0px;--e-column-margin-left:0px;}.elementor-71 .elementor-element.elementor-element-4bef784e > .elementor-widget-container{margin:0px 80px 0px 0px;}}@media(max-width:767px){.elementor-71 .elementor-element.elementor-element-7116a5b2{padding:160px 24px 80px 24px;}.elementor-71 .elementor-element.elementor-element-198df6ee{text-align:center;}.elementor-71 .elementor-element.elementor-element-871babd{padding:64px 24px 64px 24px;}.elementor-71 .elementor-element.elementor-element-77e3bb83 > .elementor-element-populated{margin:16px 0px 0px 16px;--e-column-margin-right:0px;--e-column-margin-left:16px;}.elementor-71 .elementor-element.elementor-element-2d9347f6 > .elementor-widget-container{margin:-20px 0px 0px -20px;padding:0px 20px 20px 0px;}.elementor-71 .elementor-element.elementor-element-4bef784e > .elementor-widget-container{margin:0px 16px 0px 0px;}.elementor-71 .elementor-element.elementor-element-5df04c0b{margin-top:-16px;margin-bottom:0px;}.elementor-71 .elementor-element.elementor-element-48c6233f > .elementor-element-populated{margin:0px 0px 16px 0px;--e-column-margin-right:0px;--e-column-margin-left:0px;}.elementor-71 .elementor-element.elementor-element-2ec96de7 > .elementor-widget-container{margin:15px 15px 15px 15px;}.elementor-71 .elementor-element.elementor-element-2ec96de7{text-align:center;}}@media(max-width:1024px) and (min-width:768px){.elementor-71 .elementor-element.elementor-element-77e3bb83{width:100%;}.elementor-71 .elementor-element.elementor-element-7e966216{width:100%;}}@media(min-width:1025px){.elementor-71 .elementor-element.elementor-element-58f0bb5c:not(.elementor-motion-effects-element-type-background), .elementor-71 .elementor-element.elementor-element-58f0bb5c > .elementor-motion-effects-container > .elementor-motion-effects-layer{background-attachment:fixed;}}<\/style>\t\t<div data-elementor-type=\"wp-post\" data-elementor-id=\"71\" class=\"elementor elementor-71\">\n\t\t\t\t\t\t<section class=\"elementor-section elementor-top-section elementor-element elementor-element-7116a5b2 elementor-section-boxed elementor-section-height-default elementor-section-height-default\" data-id=\"7116a5b2\" data-element_type=\"section\" data-settings=\"{&quot;background_background&quot;:&quot;classic&quot;}\">\n\t\t\t\t\t\t\t<div class=\"elementor-background-overlay\"><\/div>\n\t\t\t\t\t\t\t<div class=\"elementor-container elementor-column-gap-no\">\n\t\t\t\t\t<div class=\"elementor-column elementor-col-100 elementor-top-column elementor-element elementor-element-6439be06\" data-id=\"6439be06\" data-element_type=\"column\" data-settings=\"{&quot;background_background&quot;:&quot;classic&quot;}\">\n\t\t\t<div class=\"elementor-widget-wrap elementor-element-populated\">\n\t\t\t\t\t\t<div class=\"elementor-element elementor-element-198df6ee elementor-widget elementor-widget-heading\" data-id=\"198df6ee\" data-element_type=\"widget\" data-widget_type=\"heading.default\">\n\t\t\t\t<div class=\"elementor-widget-container\">\n\t\t\t\t\t<h1 class=\"elementor-heading-title elementor-size-default\">Sobre n\u00f3s<\/h1>\t\t\t\t<\/div>\n\t\t\t\t<\/div>\n\t\t\t\t\t<\/div>\n\t\t<\/div>\n\t\t\t\t\t<\/div>\n\t\t<\/section>\n\t\t\t\t<section class=\"elementor-section elementor-top-section elementor-element elementor-element-871babd elementor-section-boxed elementor-section-height-default elementor-section-height-default\" data-id=\"871babd\" data-element_type=\"section\">\n\t\t\t\t\t\t<div class=\"elementor-container elementor-column-gap-no\">\n\t\t\t\t\t<div class=\"elementor-column elementor-col-50 elementor-top-column elementor-element elementor-element-77e3bb83\" data-id=\"77e3bb83\" data-element_type=\"column\">\n\t\t\t<div class=\"elementor-widget-wrap elementor-element-populated\">\n\t\t\t\t\t\t<div class=\"elementor-element elementor-element-2d9347f6 elementor-widget elementor-widget-image\" data-id=\"2d9347f6\" data-element_type=\"widget\" data-widget_type=\"image.default\">\n\t\t\t\t<div class=\"elementor-widget-container\">\n\t\t\t\t\t\t\t\t\t\t\t\t\t\t\t<img decoding=\"async\" src=\"https:\/\/steelrolling.com.br\/wp-content\/uploads\/elementor\/thumbs\/Imagem-006-2-1-paqsdq4colpxahxjky6dq4oct2itf8njw60g7a5kbk.jpg\" title=\"Imagem 006-2\" alt=\"Imagem 006-2\" loading=\"lazy\" \/>\t\t\t\t\t\t\t\t\t\t\t\t\t\t\t<\/div>\n\t\t\t\t<\/div>\n\t\t\t\t\t<\/div>\n\t\t<\/div>\n\t\t\t\t<div class=\"elementor-column elementor-col-50 elementor-top-column elementor-element elementor-element-7e966216\" data-id=\"7e966216\" data-element_type=\"column\">\n\t\t\t<div class=\"elementor-widget-wrap elementor-element-populated\">\n\t\t\t\t\t\t<div class=\"elementor-element elementor-element-59a74dcd elementor-widget elementor-widget-heading\" data-id=\"59a74dcd\" data-element_type=\"widget\" data-widget_type=\"heading.default\">\n\t\t\t\t<div class=\"elementor-widget-container\">\n\t\t\t\t\t<h2 class=\"elementor-heading-title elementor-size-default\">Nossa hist\u00f3ria<\/h2>\t\t\t\t<\/div>\n\t\t\t\t<\/div>\n\t\t\t\t<div class=\"elementor-element elementor-element-46d8a17c elementor-widget-divider--view-line elementor-widget elementor-widget-divider\" data-id=\"46d8a17c\" data-element_type=\"widget\" data-widget_type=\"divider.default\">\n\t\t\t\t<div class=\"elementor-widget-container\">\n\t\t\t\t\t\t\t<div class=\"elementor-divider\">\n\t\t\t<span class=\"elementor-divider-separator\">\n\t\t\t\t\t\t<\/span>\n\t\t<\/div>\n\t\t\t\t\t\t<\/div>\n\t\t\t\t<\/div>\n\t\t\t\t<div class=\"elementor-element elementor-element-4bef784e elementor-widget elementor-widget-text-editor\" data-id=\"4bef784e\" data-element_type=\"widget\" data-widget_type=\"text-editor.default\">\n\t\t\t\t<div class=\"elementor-widget-container\">\n\t\t\t\t\t\t\t\t\t<p>Somos uma empresa brasileira do ramo metal\u00fargico, de Engenharia, fabrica\u00e7\u00e3o de Equipamentos e presta\u00e7\u00e3o de servi\u00e7os de caldeiraria e usinagem m\u00e9dia\/pesada. Estamos localizados em Itapevi \u2013 S\u00e3o Paulo, em uma \u00e1rea industrial de 6254m\u00b2, com importantes ativos em m\u00e1quinas operatrizes, pontes rolantes e equipamentos p\/ tratamento de superf\u00edcies em a\u00e7o carbono e inoxid\u00e1vel.<\/p><p>Nossas atividades fabris s\u00e3o provenientes e cont\u00ednuas desde 1992, ap\u00f3s atua\u00e7\u00e3o da Lozano Industria Metal\u00fargica a qual fabricou equipamentos Miningtech Saurer &amp; DoorOliver.<\/p><p>Qualidade, Compromisso, e respeito ao meio social e ambiental, fazem de nossa empresa um diferencial na Ind\u00fastria Nacional.<\/p>\t\t\t\t\t\t\t\t<\/div>\n\t\t\t\t<\/div>\n\t\t\t\t<section class=\"elementor-section elementor-inner-section elementor-element elementor-element-5df04c0b elementor-section-boxed elementor-section-height-default elementor-section-height-default\" data-id=\"5df04c0b\" data-element_type=\"section\">\n\t\t\t\t\t\t<div class=\"elementor-container elementor-column-gap-no\">\n\t\t\t\t\t<div class=\"elementor-column elementor-col-50 elementor-inner-column elementor-element elementor-element-48c6233f\" data-id=\"48c6233f\" data-element_type=\"column\">\n\t\t\t<div class=\"elementor-widget-wrap elementor-element-populated\">\n\t\t\t\t\t\t<div class=\"elementor-element elementor-element-4032ca80 elementor-align-left elementor-mobile-align-left elementor-icon-list--layout-traditional elementor-list-item-link-full_width elementor-widget elementor-widget-icon-list\" data-id=\"4032ca80\" data-element_type=\"widget\" data-widget_type=\"icon-list.default\">\n\t\t\t\t<div class=\"elementor-widget-container\">\n\t\t\t\t\t\t\t<ul class=\"elementor-icon-list-items\">\n\t\t\t\t\t\t\t<li class=\"elementor-icon-list-item\">\n\t\t\t\t\t\t\t\t\t\t\t<span class=\"elementor-icon-list-icon\">\n\t\t\t\t\t\t\t<i aria-hidden=\"true\" class=\"fas fa-check-circle\"><\/i>\t\t\t\t\t\t<\/span>\n\t\t\t\t\t\t\t\t\t\t<span class=\"elementor-icon-list-text\">Profissionais Epecializados<\/span>\n\t\t\t\t\t\t\t\t\t<\/li>\n\t\t\t\t\t\t\t\t<li class=\"elementor-icon-list-item\">\n\t\t\t\t\t\t\t\t\t\t\t<span class=\"elementor-icon-list-icon\">\n\t\t\t\t\t\t\t<i aria-hidden=\"true\" class=\"fas fa-check-circle\"><\/i>\t\t\t\t\t\t<\/span>\n\t\t\t\t\t\t\t\t\t\t<span class=\"elementor-icon-list-text\">Ideias Inovadoras<\/span>\n\t\t\t\t\t\t\t\t\t<\/li>\n\t\t\t\t\t\t<\/ul>\n\t\t\t\t\t\t<\/div>\n\t\t\t\t<\/div>\n\t\t\t\t\t<\/div>\n\t\t<\/div>\n\t\t\t\t<div class=\"elementor-column elementor-col-50 elementor-inner-column elementor-element elementor-element-34d049de\" data-id=\"34d049de\" data-element_type=\"column\">\n\t\t\t<div class=\"elementor-widget-wrap elementor-element-populated\">\n\t\t\t\t\t\t<div class=\"elementor-element elementor-element-24db0468 elementor-align-left elementor-mobile-align-left elementor-icon-list--layout-traditional elementor-list-item-link-full_width elementor-widget elementor-widget-icon-list\" data-id=\"24db0468\" data-element_type=\"widget\" data-widget_type=\"icon-list.default\">\n\t\t\t\t<div class=\"elementor-widget-container\">\n\t\t\t\t\t\t\t<ul class=\"elementor-icon-list-items\">\n\t\t\t\t\t\t\t<li class=\"elementor-icon-list-item\">\n\t\t\t\t\t\t\t\t\t\t\t<span class=\"elementor-icon-list-icon\">\n\t\t\t\t\t\t\t<i aria-hidden=\"true\" class=\"fas fa-check-circle\"><\/i>\t\t\t\t\t\t<\/span>\n\t\t\t\t\t\t\t\t\t\t<span class=\"elementor-icon-list-text\">Constru\u00e7\u00f5es Precisas<\/span>\n\t\t\t\t\t\t\t\t\t<\/li>\n\t\t\t\t\t\t\t\t<li class=\"elementor-icon-list-item\">\n\t\t\t\t\t\t\t\t\t\t\t<span class=\"elementor-icon-list-icon\">\n\t\t\t\t\t\t\t<i aria-hidden=\"true\" class=\"fas fa-check-circle\"><\/i>\t\t\t\t\t\t<\/span>\n\t\t\t\t\t\t\t\t\t\t<span class=\"elementor-icon-list-text\">Suporte Pr\u00e1tico<\/span>\n\t\t\t\t\t\t\t\t\t<\/li>\n\t\t\t\t\t\t<\/ul>\n\t\t\t\t\t\t<\/div>\n\t\t\t\t<\/div>\n\t\t\t\t\t<\/div>\n\t\t<\/div>\n\t\t\t\t\t<\/div>\n\t\t<\/section>\n\t\t\t\t\t<\/div>\n\t\t<\/div>\n\t\t\t\t\t<\/div>\n\t\t<\/section>\n\t\t\t\t<section class=\"elementor-section elementor-top-section elementor-element elementor-element-58f0bb5c elementor-section-boxed elementor-section-height-default elementor-section-height-default\" data-id=\"58f0bb5c\" data-element_type=\"section\" data-settings=\"{&quot;background_background&quot;:&quot;classic&quot;}\">\n\t\t\t\t\t\t\t<div class=\"elementor-background-overlay\"><\/div>\n\t\t\t\t\t\t\t<div class=\"elementor-container elementor-column-gap-no\">\n\t\t\t\t\t<div class=\"elementor-column elementor-col-100 elementor-top-column elementor-element elementor-element-2d5b82ff\" data-id=\"2d5b82ff\" data-element_type=\"column\">\n\t\t\t<div class=\"elementor-widget-wrap elementor-element-populated\">\n\t\t\t\t\t\t<div class=\"elementor-element elementor-element-683430c3 elementor-widget-divider--view-line elementor-widget elementor-widget-divider\" data-id=\"683430c3\" data-element_type=\"widget\" data-widget_type=\"divider.default\">\n\t\t\t\t<div class=\"elementor-widget-container\">\n\t\t\t\t\t\t\t<div class=\"elementor-divider\">\n\t\t\t<span class=\"elementor-divider-separator\">\n\t\t\t\t\t\t<\/span>\n\t\t<\/div>\n\t\t\t\t\t\t<\/div>\n\t\t\t\t<\/div>\n\t\t\t\t<div class=\"elementor-element elementor-element-2c9a982a elementor-widget elementor-widget-heading\" data-id=\"2c9a982a\" data-element_type=\"widget\" data-widget_type=\"heading.default\">\n\t\t\t\t<div class=\"elementor-widget-container\">\n\t\t\t\t\t<h2 class=\"elementor-heading-title elementor-size-default\">N\u00f3s oferecemos o melhor servi\u00e7o para a ind\u00fastria<\/h2>\t\t\t\t<\/div>\n\t\t\t\t<\/div>\n\t\t\t\t<div class=\"elementor-element elementor-element-2ec96de7 elementor-widget elementor-widget-text-editor\" data-id=\"2ec96de7\" data-element_type=\"widget\" data-widget_type=\"text-editor.default\">\n\t\t\t\t<div class=\"elementor-widget-container\">\n\t\t\t\t\t\t\t\t\t<p>Tenha a melhor empresa no ramo industrial como parceira<\/p>\t\t\t\t\t\t\t\t<\/div>\n\t\t\t\t<\/div>\n\t\t\t\t<div class=\"elementor-element elementor-element-4d64a70b elementor-align-center elementor-widget elementor-widget-button\" data-id=\"4d64a70b\" data-element_type=\"widget\" data-widget_type=\"button.default\">\n\t\t\t\t<div class=\"elementor-widget-container\">\n\t\t\t\t\t\t\t\t\t<div class=\"elementor-button-wrapper\">\n\t\t\t\t\t<a class=\"elementor-button elementor-button-link elementor-size-sm\" href=\"https:\/\/wa.me\/11947964017?text=\">\n\t\t\t\t\t\t<span class=\"elementor-button-content-wrapper\">\n\t\t\t\t\t\t<span class=\"elementor-button-icon\">\n\t\t\t\t<svg xmlns=\"http:\/\/www.w3.org\/2000\/svg\" viewBox=\"0 0 32 32\"><path d=\"M 18.71875 6.78125 L 17.28125 8.21875 L 24.0625 15 L 4 15 L 4 17 L 24.0625 17 L 17.28125 23.78125 L 18.71875 25.21875 L 27.21875 16.71875 L 27.90625 16 L 27.21875 15.28125 Z\"><\/path><\/svg>\t\t\t<\/span>\n\t\t\t\t\t\t\t\t\t<span class=\"elementor-button-text\">Entrar em contato<\/span>\n\t\t\t\t\t<\/span>\n\t\t\t\t\t<\/a>\n\t\t\t\t<\/div>\n\t\t\t\t\t\t\t\t<\/div>\n\t\t\t\t<\/div>\n\t\t\t\t\t<\/div>\n\t\t<\/div>\n\t\t\t\t\t<\/div>\n\t\t<\/section>\n\t\t\t\t<\/div>\n\t\t","protected":false},"excerpt":{"rendered":"<p>Sobre n\u00f3s Nossa hist\u00f3ria Somos uma empresa brasileira do ramo metal\u00fargico, de Engenharia, fabrica\u00e7\u00e3o de Equipamentos e presta\u00e7\u00e3o de servi\u00e7os de caldeiraria e usinagem m\u00e9dia\/pesada. Estamos localizados em Itapevi \u2013 S\u00e3o Paulo, em uma \u00e1rea industrial de 6254m\u00b2, com importantes ativos em m\u00e1quinas operatrizes, pontes rolantes e equipamentos p\/ tratamento de superf\u00edcies em a\u00e7o carbono [&hellip;]<\/p>\n","protected":false},"author":1,"featured_media":0,"parent":0,"menu_order":0,"comment_status":"closed","ping_status":"closed","template":"","meta":{"om_disable_all_campaigns":false,"_monsterinsights_skip_tracking":false,"_monsterinsights_sitenote_active":false,"_monsterinsights_sitenote_note":"","_monsterinsights_sitenote_category":0,"site-sidebar-layout":"no-sidebar","site-content-layout":"page-builder","ast-site-content-layout":"default","site-content-style":"default","site-sidebar-style":"default","ast-global-header-display":"","ast-banner-title-visibility":"","ast-main-header-display":"","ast-hfb-above-header-display":"","ast-hfb-below-header-display":"","ast-hfb-mobile-header-display":"","site-post-title":"disabled","ast-breadcrumbs-content":"","ast-featured-img":"disabled","footer-sml-layout":"","ast-disable-related-posts":"","theme-transparent-header-meta":"enabled","adv-header-id-meta":"","stick-header-meta":"","header-above-stick-meta":"","header-main-stick-meta":"","header-below-stick-meta":"","astra-migrate-meta-layouts":"default","ast-page-background-enabled":"default","ast-page-background-meta":{"desktop":{"background-color":"","background-image":"","background-repeat":"repeat","background-position":"center center","background-size":"auto","background-attachment":"scroll","background-type":"","background-media":"","overlay-type":"","overlay-color":"","overlay-opacity":"","overlay-gradient":""},"tablet":{"background-color":"","background-image":"","background-repeat":"repeat","background-position":"center center","background-size":"auto","background-attachment":"scroll","background-type":"","background-media":"","overlay-type":"","overlay-color":"","overlay-opacity":"","overlay-gradient":""},"mobile":{"background-color":"","background-image":"","background-repeat":"repeat","background-position":"center center","background-size":"auto","background-attachment":"scroll","background-type":"","background-media":"","overlay-type":"","overlay-color":"","overlay-opacity":"","overlay-gradient":""}},"ast-content-background-meta":{"desktop":{"background-color":"var(--ast-global-color-5)","background-image":"","background-repeat":"repeat","background-position":"center center","background-size":"auto","background-attachment":"scroll","background-type":"","background-media":"","overlay-type":"","overlay-color":"","overlay-opacity":"","overlay-gradient":""},"tablet":{"background-color":"var(--ast-global-color-5)","background-image":"","background-repeat":"repeat","background-position":"center center","background-size":"auto","background-attachment":"scroll","background-type":"","background-media":"","overlay-type":"","overlay-color":"","overlay-opacity":"","overlay-gradient":""},"mobile":{"background-color":"var(--ast-global-color-5)","background-image":"","background-repeat":"repeat","background-position":"center center","background-size":"auto","background-attachment":"scroll","background-type":"","background-media":"","overlay-type":"","overlay-color":"","overlay-opacity":"","overlay-gradient":""}},"footnotes":""},"class_list":["post-71","page","type-page","status-publish","hentry"],"aioseo_notices":[],"_links":{"self":[{"href":"https:\/\/steelrolling.com.br\/index.php?rest_route=\/wp\/v2\/pages\/71","targetHints":{"allow":["GET"]}}],"collection":[{"href":"https:\/\/steelrolling.com.br\/index.php?rest_route=\/wp\/v2\/pages"}],"about":[{"href":"https:\/\/steelrolling.com.br\/index.php?rest_route=\/wp\/v2\/types\/page"}],"author":[{"embeddable":true,"href":"https:\/\/steelrolling.com.br\/index.php?rest_route=\/wp\/v2\/users\/1"}],"replies":[{"embeddable":true,"href":"https:\/\/steelrolling.com.br\/index.php?rest_route=%2Fwp%2Fv2%2Fcomments&post=71"}],"version-history":[{"count":55,"href":"https:\/\/steelrolling.com.br\/index.php?rest_route=\/wp\/v2\/pages\/71\/revisions"}],"predecessor-version":[{"id":2845,"href":"https:\/\/steelrolling.com.br\/index.php?rest_route=\/wp\/v2\/pages\/71\/revisions\/2845"}],"wp:attachment":[{"href":"https:\/\/steelrolling.com.br\/index.php?rest_route=%2Fwp%2Fv2%2Fmedia&parent=71"}],"curies":[{"name":"wp","href":"https:\/\/api.w.org\/{rel}","templated":true}]}}